{"id":6619,"date":"2023-02-24T13:28:59","date_gmt":"2023-02-24T13:28:59","guid":{"rendered":"https:\/\/homen.bikebuzzbd.com\/?page_id=3"},"modified":"2024-11-26T18:31:31","modified_gmt":"2024-11-26T18:31:31","slug":"privacy-policy-2","status":"publish","type":"page","link":"https:\/\/depotmex.mx\/?page_id=6619","title":{"rendered":"Aviso de Privacidad"},"content":{"rendered":"\t\t<div data-elementor-type=\"wp-page\" data-elementor-id=\"6619\" class=\"elementor elementor-6619\">\n\t\t\t\t<div class=\"elementor-element elementor-element-96e1b4c e-flex e-con-boxed e-con e-parent\" data-id=\"96e1b4c\" data-element_type=\"container\">\n\t\t\t\t\t<div class=\"e-con-inner\">\n\t\t\t\t<div class=\"elementor-element elementor-element-bfba054 elementor-widget elementor-widget-image\" data-id=\"bfba054\" data-element_type=\"widget\" data-widget_type=\"image.default\">\n\t\t\t\t<div class=\"elementor-widget-container\">\n\t\t\t\t\t\t\t\t\t\t\t\t\t\t\t<img fetchpriority=\"high\" decoding=\"async\" width=\"1920\" height=\"540\" src=\"https:\/\/depotmex.mx\/wp-content\/uploads\/2024\/11\/Contenedors-1.png\" class=\"attachment-2048x2048 size-2048x2048 wp-image-8445\" alt=\"\" srcset=\"https:\/\/depotmex.mx\/wp-content\/uploads\/2024\/11\/Contenedors-1.png 1920w, https:\/\/depotmex.mx\/wp-content\/uploads\/2024\/11\/Contenedors-1-300x84.png 300w, https:\/\/depotmex.mx\/wp-content\/uploads\/2024\/11\/Contenedors-1-1024x288.png 1024w, https:\/\/depotmex.mx\/wp-content\/uploads\/2024\/11\/Contenedors-1-768x216.png 768w, https:\/\/depotmex.mx\/wp-content\/uploads\/2024\/11\/Contenedors-1-1536x432.png 1536w\" sizes=\"(max-width: 1920px) 100vw, 1920px\" \/>\t\t\t\t\t\t\t\t\t\t\t\t\t\t\t<\/div>\n\t\t\t\t<\/div>\n\t\t\t\t\t<\/div>\n\t\t\t\t<\/div>\n\t\t<div class=\"elementor-element elementor-element-530665fd e-flex e-con-boxed e-con e-parent\" data-id=\"530665fd\" data-element_type=\"container\">\n\t\t\t\t\t<div class=\"e-con-inner\">\n\t\t\t\t<div class=\"elementor-element elementor-element-c38736e elementor-widget elementor-widget-text-editor\" data-id=\"c38736e\" data-element_type=\"widget\" data-widget_type=\"text-editor.default\">\n\t\t\t\t<div class=\"elementor-widget-container\">\n\t\t\t\t\t\t\t\t\t<p><\/p>\n<h4 class=\"wp-block-heading\"><strong>AV. LOPEZ PORTILLO, GUADALUPE VICTORIA<\/strong><\/h4>\n<p align=\"JUSTIFY\">El presente documento constituye el Aviso de Privacidad a fines de lo dispuesto a la presente \u201cLey Federal de Protecci\u00f3n de Datos Personales, que emanan en los art\u00edculos 1ero objeto de la presente ley, articulo 3 ero en efectos a la presente ley, Art\u00edculo 4to aplicable, al ampararse con el Art\u00edculo 16 P\u00e1rrafo I, II, III de la C.P.E.U.M, Capitulo II\u201d, y las disposiciones que emanan de ella o se relacionan con la misma.<\/p>\n<p align=\"JUSTIFY\"><strong><em>Depotmex Intercontainer S.A. de C.V. <\/em><\/strong>\u00a0es una empresa legalmente constituidas de conformidad con las leyes mexicanas, con domicilio en Calle Jos\u00e9 Mar\u00eda Morelos y Pav\u00f3n # 13, Colonia el \u00c1rbol C.p. 55027, Ecatepec Estado de M\u00e9xico. Tel +52 (55) 5882-0066. Quien es responsable de recabar sus datos personales, del uso que se le d\u00e9 a los mismos y de su protecci\u00f3n.<\/p>\n<p align=\"JUSTIFY\">Le comunicamos que, para cumplir con las finalidades previstas en este Aviso de Privacidad, ser\u00e1n recabados y tratados datos personales sensibles, que ser\u00e1n utilizados para proveer los servicios y productos que ha solicitado, informarle sobre cambios en los mismos, evaluar la calidad del servicio que le brindamos, etc., y para estas finalidades, requerimos obtener algunos datos personales como los que a continuaci\u00f3n mencionamos:<\/p>\n<ul>\n<li title=\"\" data-original-title=\"\">Nombre Completo.<\/li>\n<li title=\"\" data-original-title=\"\">Direcci\u00f3n.<\/li>\n<li title=\"\" data-original-title=\"\">Registro Federal de Contribuyentes.<\/li>\n<li title=\"\" data-original-title=\"\">N\u00famero Telef\u00f3nico<\/li>\n<li title=\"\" data-original-title=\"\">Correo Electr\u00f3nico.<\/li>\n<\/ul>\n<p align=\"JUSTIFY\">Estos ser\u00e1n utilizados de forma enunciativa mas no limitativa, para los siguientes fines:<\/p>\n<ul>\n<li title=\"\" data-original-title=\"\">Informaci\u00f3n y Prestaci\u00f3n de Servicios.<\/li>\n<li title=\"\" data-original-title=\"\">Actualizaci\u00f3n de la Base de Datos de Clientes y\/o Proveedores.<\/li>\n<li title=\"\" data-original-title=\"\">Emisi\u00f3n de Comprobantes Fiscales.<\/li>\n<li title=\"\" data-original-title=\"\">Registros para Cr\u00e9ditos Futuros<\/li>\n<li title=\"\" data-original-title=\"\">Contactar, comunicar y\/o envi\u00f3 de informaci\u00f3n<\/li>\n<\/ul>\n<p align=\"JUSTIFY\"><strong>Depotmex Intercontainer S.A. de C.V.<\/strong>\u00a0\u00a0\u00a0implementar\u00e1 las medidas de seguridad, t\u00e9cnicas, administrativas y f\u00edsicas, necesarias para proteger sus datos personales y evitar su da\u00f1o, perdida, alteraci\u00f3n, destrucci\u00f3n o el uso, acceso o tratamiento no autorizado.<\/p>\n<p align=\"JUSTIFY\">Para proteger y limitar el uso o divulgaci\u00f3n de su informaci\u00f3n y no obtiene ni almacena informaci\u00f3n de ninguna especie mediante cookies, web beacons o similares durante el acceso a su p\u00e1gina web (art\u00edculo 3ero Frac II, III, V, XV, XIII, XI, VIII., y no utilizar la informaci\u00f3n de los particulares para fines distintos a los relacionados con las operaciones antes se\u00f1aladas.<\/p>\n<p align=\"JUSTIFY\">Le informamos que todos sus datos personales son tratados de acuerdo a la legislaci\u00f3n aplicable y vigente en el pa\u00eds, por ello le informamos que usted tiene en todo momento los derechos (\u201cARCO art\u00edculo 3ero Fracci\u00f3n XI\u201d) de acceder, rectificar, cancelar u oponerse al tratamiento que le damos a sus datos personales; derecho que podr\u00e1 hacer valer a trav\u00e9s del \u00c1rea de Privacidad encargada de la seguridad de datos personales en los Tel\u00e9fonos +52 (55) 5882-0066, (55) 5882-0991 al o por medio de su correo electr\u00f3nico: <strong><span style=\"color: #0000ff;\"><a style=\"color: #0000ff;\" href=\"mailto:info@depotmex.mx\">info@depotmex.mx<\/a><\/span><\/strong><\/p>\n<p align=\"JUSTIFY\">A trav\u00e9s de estos canales usted podr\u00e1 tener m\u00e1s informaci\u00f3n acerca de este aviso, actualizar sus datos y especificar el medio por el cual desea recibir informaci\u00f3n, ya que en caso de no contar con esta especificaci\u00f3n de su parte, <strong>Depotmex Intercontainer S.A. de C.V. <\/strong>\u00a0establecer\u00e1 libremente el canal que considere pertinente para enviarle informaci\u00f3n.<\/p>\n<p>\u00a0<\/p>\n<p align=\"JUSTIFY\">Este aviso de privacidad podr\u00e1 ser modificado por Depotmex Intercontainer. S.A. de C.V., y dichas modificaciones ser\u00e1n oportunamente informadas a trav\u00e9s de correo electr\u00f3nico, tel\u00e9fono, o cualquier otro medio de comunicaci\u00f3n que se determine para tal efecto.<\/p>\n<p>\u00a0<\/p>\n<p>ATENTAMENTE:<\/p>\n<p>\u00a0<\/p>\n<p>Director General<\/p>\n<p><strong>C.p. Sergio Carre\u00f1o Bustos<\/strong><\/p>\n<p><\/p>\t\t\t\t\t\t\t\t<\/div>\n\t\t\t\t<\/div>\n\t\t\t\t\t<\/div>\n\t\t\t\t<\/div>\n\t\t\t\t<\/div>\n\t\t","protected":false},"excerpt":{"rendered":"<p>AV. LOPEZ PORTILLO, GUADALUPE VICTORIA El presente documento constituye el Aviso de Privacidad a fines de lo dispuesto a la presente \u201cLey Federal de Protecci\u00f3n de Datos Personales, que emanan en los art\u00edculos 1ero objeto de la presente ley, articulo 3 ero en efectos a la presente ley, Art\u00edculo 4to aplicable, al ampararse con el [&hellip;]<\/p>\n","protected":false},"author":1,"featured_media":0,"parent":0,"menu_order":0,"comment_status":"closed","ping_status":"closed","template":"home-template.php","meta":{"_monsterinsights_skip_tracking":false,"_monsterinsights_sitenote_active":false,"_monsterinsights_sitenote_note":"","_monsterinsights_sitenote_category":0,"footnotes":""},"class_list":["post-6619","page","type-page","status-publish","hentry"],"aioseo_notices":[],"_links":{"self":[{"href":"https:\/\/depotmex.mx\/index.php?rest_route=\/wp\/v2\/pages\/6619"}],"collection":[{"href":"https:\/\/depotmex.mx\/index.php?rest_route=\/wp\/v2\/pages"}],"about":[{"href":"https:\/\/depotmex.mx\/index.php?rest_route=\/wp\/v2\/types\/page"}],"author":[{"embeddable":true,"href":"https:\/\/depotmex.mx\/index.php?rest_route=\/wp\/v2\/users\/1"}],"replies":[{"embeddable":true,"href":"https:\/\/depotmex.mx\/index.php?rest_route=%2Fwp%2Fv2%2Fcomments&post=6619"}],"version-history":[{"count":19,"href":"https:\/\/depotmex.mx\/index.php?rest_route=\/wp\/v2\/pages\/6619\/revisions"}],"predecessor-version":[{"id":8448,"href":"https:\/\/depotmex.mx\/index.php?rest_route=\/wp\/v2\/pages\/6619\/revisions\/8448"}],"wp:attachment":[{"href":"https:\/\/depotmex.mx\/index.php?rest_route=%2Fwp%2Fv2%2Fmedia&parent=6619"}],"curies":[{"name":"wp","href":"https:\/\/api.w.org\/{rel}","templated":true}]}}